{"id":3,"date":"2025-03-07T23:09:38","date_gmt":"2025-03-07T20:09:38","guid":{"rendered":"https:\/\/universalas.com.tr\/en\/?page_id=3"},"modified":"2025-06-12T12:16:50","modified_gmt":"2025-06-12T09:16:50","slug":"kvkk","status":"publish","type":"page","link":"https:\/\/universalas.com.tr\/en\/kvkk\/","title":{"rendered":"KVKK"},"content":{"rendered":"\n<h4 class=\"wp-block-heading\"><strong>K\u0130\u015e\u0130SEL VER\u0130LER\u0130N KORUNMASI KANUNU HAKKINDA Z\u0130YARET\u00c7\u0130 AYDINLATMA METN\u0130<\/strong><\/h4>\n\n\n\n<p>T\u00fcrkiye\u2019 de kurulu, Yunus Emre Mah. 7408\/6 Sok. No:43\/6 Bornova, \u0130zmir adresinde mukim, ticaret sicil gazetesine 188670 no ile kay\u0131tl\u0131, 0892068391100001 mersis no\u2019 lu Hasan Tahsin Vergi Dairesi, 8920683911 no\u2019 lu vergi m\u00fckellefi, Universal A\u015f\u0131nd\u0131r\u0131c\u0131 Sistemleri Sanayi ve Tic. A.\u015e. (\u201c\u015eirket\u201d) olarak; veri sorumlusu s\u0131fat\u0131yla, ki\u015fisel verilerinizin, i\u015flenmelerini gerektiren ama\u00e7 \u00e7er\u00e7evesinde ve bu ama\u00e7 ile ba\u011flant\u0131l\u0131, s\u0131n\u0131rl\u0131 ve \u00f6l\u00e7\u00fcl\u00fc \u015fekilde, taraf\u0131m\u0131za bildirdi\u011finiz veya bildirildi\u011fi \u015fekliyle ki\u015fisel verilerin do\u011frulu\u011funu ve en g\u00fcncel halini koruyarak, kaydedilece\u011fini, depolanaca\u011f\u0131n\u0131, muhafaza edilece\u011fini, yeniden d\u00fczenlenece\u011fini, kanunen bu ki\u015fisel verileri talep etmeye yetkili olan kurumlar ile payla\u015f\u0131laca\u011f\u0131n\u0131, yurti\u00e7i veya yurtd\u0131\u015f\u0131 \u00fc\u00e7\u00fcnc\u00fc ki\u015filere aktar\u0131laca\u011f\u0131n\u0131, devredilece\u011fini, s\u0131n\u0131fland\u0131r\u0131labilece\u011fini ve Ki\u015fisel Verileri Koruma Kanunu\u2019nda (Bundan sonra \u201cKVKK\u201d olarak an\u0131lacakt\u0131r) say\u0131lan sair \u015fekillerde i\u015flenebilece\u011fini bildiririz;<\/p>\n\n\n\n<p>A\u015fa\u011f\u0131da belirtti\u011fimiz ve taraf\u0131m\u0131za sa\u011flad\u0131\u011f\u0131n\u0131z ki\u015fisel verilerinizin her ko\u015fulda; duruma g\u00f6re a\u015fa\u011f\u0131da belirtilen \u015fekillerde elde etti\u011fimiz ki\u015fisel verilerinizin hukuki ili\u015fkilerimiz kapsam\u0131nda,<\/p>\n\n\n\n<ul class=\"wp-block-list\">\n<li>\u0130\u015flenmelerini gerektiren ama\u00e7 \u00e7er\u00e7evesinde ve bu ama\u00e7la ba\u011flant\u0131l\u0131, s\u0131n\u0131rl\u0131 ve \u00f6l\u00e7\u00fcl\u00fc \u015fekilde,<\/li>\n\n\n\n<li>Taraf\u0131m\u0131za bildirdi\u011finiz veya bildirildi\u011fi \u015fekliyle ki\u015fisel verilerin do\u011frulu\u011funu ve en g\u00fcncel halini koruyarak,<\/li>\n\n\n\n<li>Kaydedilece\u011fini, depolanaca\u011f\u0131n\u0131, muhafaza edilece\u011fini, yeniden d\u00fczenlenece\u011fini, kanunen bu ki\u015fisel verileri talep etmeye yetkili olan kurumlar ile payla\u015f\u0131laca\u011f\u0131n\u0131 ve KVKK\u2019n\u0131n \u00f6ng\u00f6rd\u00fc\u011f\u00fc \u015fartlarda, yurti\u00e7inde \u00fc\u00e7\u00fcnc\u00fc ki\u015filere aktar\u0131laca\u011f\u0131n\u0131, devredilece\u011fini, s\u0131n\u0131fland\u0131r\u0131labilece\u011fini ve KVKK\u2019da say\u0131lan sair \u015fekillerde i\u015flenebilece\u011fini bildiririz.<\/li>\n<\/ul>\n\n\n\n<p><\/p>\n\n\n\n<p><strong>HANG\u0130 K\u0130\u015e\u0130SEL VER\u0130LER\u0130N\u0130Z\u0130 \u0130\u015eL\u0130YORUZ?<\/strong><\/p>\n\n\n\n<ul class=\"wp-block-list\">\n<li>Elde etti\u011fimiz ve i\u015fledi\u011fimiz ki\u015fisel verileriniz a\u015fa\u011f\u0131daki gibidir:<\/li>\n\n\n\n<li>Ziyaret\u00e7i g\u00f6rsel verisi; Kapal\u0131 devre g\u00fcvenlik kameras\u0131 g\u00f6r\u00fcnt\u00fcleri<\/li>\n\n\n\n<li>Kimlik Bilgileriniz; Ad\u0131n\u0131z, soyad\u0131n\u0131z, T.C. kimlik numaran\u0131z, pasaport numaran\u0131z veya ge\u00e7ici T.C. kimlik numaran\u0131z, do\u011fum yeri ve tarihiniz, medeni haliniz, cinsiyetiniz, mesle\u011finiz ve sizi tan\u0131mlayabilece\u011fimiz di\u011fer kimlik verileriniz; ibraz etti\u011finiz T.C. Kimlik Kart\u0131 ya da ehliyet fotokopiniz, vergi numaran\u0131z, imza sirk\u00fcleri, ticaret sicil d\u00f6k\u00fcm\u00fc;<\/li>\n\n\n\n<li>\u0130leti\u015fim Bilgileriniz; Adresiniz, telefon numaran\u0131z, elektronik posta adresiniz ve sair ileti\u015fim verileriniz, m\u00fc\u015fteri temsilcileri taraf\u0131ndan \u00e7a\u011fr\u0131 merkezi standartlar\u0131 gere\u011fi tutulan sesli g\u00f6r\u00fc\u015fme kay\u0131tlar\u0131n\u0131z ile elektronik posta, mektup veya sair vas\u0131talar arac\u0131l\u0131\u011f\u0131 ile taraf\u0131m\u0131zla ileti\u015fime ge\u00e7ti\u011finizde elde edilen ki\u015fisel verileriniz;<\/li>\n\n\n\n<li>Finansal Bilgileriniz; Banka hesap numaran\u0131z, IBAN numaran\u0131z, kredi kart\u0131 bilginiz, faturalama bilgileriniz gibi finansal verileriniz;<\/li>\n\n\n\n<li>Web sitemiz ve mobil uygulamam\u0131z\u0131n kullan\u0131m\u0131 s\u0131ras\u0131nda elde edilen gezinme bilgileri, IP adresi, taray\u0131c\u0131 bilgileri, anketler, form bilgileriniz ve konum verileriniz,<\/li>\n\n\n\n<li>\u0130\u015f ba\u015fvurusunda bulunman\u0131n halinde bu hususta temin edilen \u00f6zge\u00e7mi\u015f dahi sair ki\u015fisel verileriniz.<\/li>\n<\/ul>\n\n\n\n<p><\/p>\n\n\n\n<p><strong>K\u0130\u015e\u0130SEL VER\u0130LER\u0130N\u0130Z\u0130 NE \u015eEK\u0130LDE VE HANG\u0130 SEBEPLERLE TOPLUYORUZ?<\/strong><\/p>\n\n\n\n<p>\u015eirket\u2019imizi ziyarete geldi\u011finizde, \u015eirket\u2019in i\u015fyeri g\u00fcvenli\u011fi sa\u011flamaya y\u00f6nelik hukuki y\u00fck\u00fcml\u00fcl\u00fc\u011f\u00fc ve me\u015fru menfaati gere\u011fi, \u015eirket\u2019e yerle\u015ftirdi\u011fimiz kameralar arac\u0131l\u0131\u011f\u0131yla g\u00f6rsel verilerinizi ve taraf\u0131n\u0131zdan talep edilen ki\u015fisel verilerinizi bize s\u00f6zl\u00fc veya fiziksel ortamda iletmeniz yoluyla topluyoruz.<\/p>\n\n\n\n<p><\/p>\n\n\n\n<p><strong>K\u0130\u015e\u0130SEL VER\u0130LER\u0130N\u0130Z\u0130 HANG\u0130 AMA\u00c7LARLA \u0130\u015eL\u0130YORUZ?<\/strong><\/p>\n\n\n\n<p>Taraf\u0131m\u0131zca hukuka uygun olarak edinilen ki\u015fisel verileriniz \u015eirket\u2019in me\u015fru menfaatleri kapsam\u0131nda haklar\u0131n\u0131za zarar vermeden \u015eirket taraf\u0131ndan a\u015fa\u011f\u0131da belirtilen ama\u00e7 ve sebeplerle i\u015flenmektedir:<br><\/p>\n\n\n\n<ul class=\"wp-block-list\">\n<li>Ziyaret\u00e7ilerin takibinin yap\u0131lmas\u0131<\/li>\n\n\n\n<li>\u0130\u00e7 i\u015fleyi\u015fi planlanma ve y\u00f6netme,<\/li>\n\n\n\n<li>Randevu ald\u0131\u011f\u0131n\u0131z takdirde randevunuza ili\u015fkin size bilgi sa\u011flama,<\/li>\n\n\n\n<li>G\u00fcvenli\u011finiz i\u00e7in kimli\u011finizin tespiti ve do\u011frulanmas\u0131,<\/li>\n\n\n\n<li>Faturaland\u0131rma i\u015fleminin yap\u0131lmas\u0131,<\/li>\n\n\n\n<li>Hizmetlerimize ili\u015fkin soru veya \u015fikayetlerinize yan\u0131t verme,<\/li>\n\n\n\n<li>\u0130\u00e7 politika ve prensiplerine uyum sa\u011flama;<\/li>\n\n\n\n<li>Tan\u0131t\u0131m ve bilgilendirme faaliyetlerinin y\u00fcr\u00fct\u00fclmesi, hizmetlerimize ili\u015fkin olarak bilgilendirme amac\u0131yla sizinle ileti\u015fime ge\u00e7ilmesi,<\/li>\n\n\n\n<li>Risk y\u00f6netimi ve kalite geli\u015ftirme aktivitelerinin yerine getirilmesi,<\/li>\n\n\n\n<li>Yasal ve d\u00fczenleyici gereksinimlerin yerine getirilmesi,<\/li>\n<\/ul>\n\n\n\n<p><\/p>\n\n\n\n<p><strong>KVKK Gere\u011fi Ki\u015fisel Veri \u0130\u015flenmesinde A\u00e7\u0131k R\u0131za Aranmayan Haller<\/strong><\/p>\n\n\n\n<p>A\u015fa\u011f\u0131da yer alan hallerden en az birinin bulunmas\u0131 durumunda ki\u015fisel verilerinizin A\u00e7\u0131k R\u0131zan\u0131z\u0131n bulunmad\u0131\u011f\u0131 durumlarda da i\u015flenmesi m\u00fcmk\u00fcn olacakt\u0131r.<\/p>\n\n\n\n<p>1. Kanunlarda a\u00e7\u0131k\u00e7a \u00f6ng\u00f6r\u00fclmesi,<\/p>\n\n\n\n<p>2. Fiili imkans\u0131zl\u0131k nedeniyle r\u0131zas\u0131n\u0131 a\u00e7\u0131klayamayacak durumda bulunan veya r\u0131zas\u0131na hukuki ge\u00e7erlilik tan\u0131nmayan ki\u015finin kendisinin hayat\u0131 veya beden b\u00fct\u00fcnl\u00fc\u011f\u00fcn\u00fcn korunmas\u0131 i\u00e7in zorunlu olmas\u0131,<\/p>\n\n\n\n<p>3. Bir s\u00f6zle\u015fmenin kurulmas\u0131 veya ifas\u0131yla do\u011frudan do\u011fruya ilgili olmas\u0131 kayd\u0131yla s\u00f6zle\u015fmenin taraflar\u0131na ait ki\u015fisel verilerin i\u015flenmesinin gerekli olmas\u0131,<\/p>\n\n\n\n<p>4. \u015eirketin hukuki y\u00fck\u00fcml\u00fcl\u00fc\u011f\u00fcn\u00fc yerine getirebilmesi i\u00e7in zorunlu olmas\u0131,<\/p>\n\n\n\n<p>5. \u0130lgili ki\u015finin kendisi taraf\u0131ndan alenile\u015ftirilmi\u015f olmas\u0131,<\/p>\n\n\n\n<p>6. Bir hakk\u0131n tesisi, kullan\u0131lmas\u0131 veya korunmas\u0131 i\u00e7in veri i\u015flemenin zorunlu olmas\u0131,<\/p>\n\n\n\n<p>7. \u0130lgili ki\u015finin temel hak ve \u00f6zg\u00fcrl\u00fcklerine zarar vermemek kayd\u0131yla, \u015eirketin me\u015fru menfaatleri i\u00e7in veri i\u015flenmesinin zorunlu olmas\u0131.<br><\/p>\n\n\n\n<p>Ki\u015fisel verileriniz, ilgili mevzuatta belirtilen veya i\u015flendikleri ama\u00e7 i\u00e7in gerekli olan azami s\u00fcre ve herhalde kanuni zamana\u015f\u0131m\u0131 s\u00fcreleri kadar muhafaza edilecektir. Muhafaza s\u00fcresi ki\u015fisel veri kategorilerine ve i\u015fleme ama\u00e7lar\u0131na g\u00f6re de\u011fi\u015fiklik g\u00f6sterebilir. Ki\u015fisel verilerinizin saklama s\u00fcresi ve imhas\u0131yla ilgili detayl\u0131 bilgi almak i\u00e7in taraf\u0131m\u0131zla ba\u011flant\u0131ya ge\u00e7ebilirsiniz.<\/p>\n\n\n\n<p><\/p>\n\n\n\n<p><strong>HAKLARINIZ<\/strong><\/p>\n\n\n\n<p>KVKK\u2019n\u0131n 11. maddesi gere\u011fi bize \u015fahsen, kimli\u011finizi ispat etmeniz kayd\u0131yla, ki\u015fisel verileriniz ile ilgili;<br><\/p>\n\n\n\n<ul class=\"wp-block-list\">\n<li>Hakk\u0131n\u0131zda ki\u015fisel veri i\u015fleyip i\u015flemedi\u011fimizi \u00f6\u011frenebilir, e\u011fer i\u015fliyorsak veya i\u015flemi\u015fsek, buna ili\u015fkin bilgi talep edebilirsiniz.<\/li>\n\n\n\n<li>Ki\u015fisel verilerinizin i\u015flenme amac\u0131n\u0131 ve bunlar\u0131n amac\u0131na uygun kullan\u0131l\u0131p kullan\u0131lmad\u0131\u011f\u0131 \u00f6\u011frenebilirsiniz.<\/li>\n\n\n\n<li>Ki\u015fisel verilerinizin yurt i\u00e7i veya yurt d\u0131\u015f\u0131na aktar\u0131l\u0131p aktar\u0131lmad\u0131\u011f\u0131n\u0131 ve kimlere aktar\u0131ld\u0131\u011f\u0131n\u0131 \u00f6\u011frenebilirsiniz.<\/li>\n\n\n\n<li>Yanl\u0131\u015f ve eksik ki\u015fisel verilerinizin d\u00fczeltilmesini ve bu verilerin aktar\u0131ld\u0131\u011f\u0131 veya aktar\u0131lm\u0131\u015f olabilece\u011fi al\u0131c\u0131lar\u0131n bilgilendirilmesini talep edebilirsiniz.<\/li>\n\n\n\n<li>Ki\u015fisel verilerinizin KVKK m. 7\u2019de \u00f6ng\u00f6r\u00fclen \u015fartlar \u00e7er\u00e7evesinde imha edilmesini (silinmesini, yok edilmesini veya anonim hale getirilmesini) talep edebilirsiniz. Ancak imha talebinizi de\u011ferlendirerek hangi y\u00f6ntemin uygun oldu\u011fu somut olay\u0131n ko\u015fullar\u0131na g\u00f6re taraf\u0131m\u0131zca de\u011ferlendirilecektir. Bu ba\u011flamda se\u00e7ti\u011fimiz imha y\u00f6ntemini neden se\u00e7ti\u011fimiz ile ilgili bizden her zaman bilgi talep edebilirsiniz.<\/li>\n\n\n\n<li>Ki\u015fisel verilerinizin aktar\u0131ld\u0131\u011f\u0131 veya aktar\u0131labilece\u011fi \u00fc\u00e7\u00fcnc\u00fc ki\u015filerin s\u00f6z konusu imha talebiniz ile ilgili bilgilendirilmesini talep edebilirsiniz.<\/li>\n\n\n\n<li>M\u00fcnhas\u0131ran bir otomatik sistem kullan\u0131larak olu\u015fturulmu\u015f ki\u015fisel veri analizinizin sonu\u00e7lar\u0131na bu sonu\u00e7lar \u00e7\u0131karlar\u0131n\u0131za ayk\u0131r\u0131ysa itiraz edebilirsiniz.<\/li>\n\n\n\n<li>Ki\u015fisel verilerinizin kanuna ayk\u0131r\u0131 olarak i\u015flenmesi sebebiyle zarara u\u011framan\u0131z halinde zarar\u0131n giderilmesini talep edebilirsiniz.<br><\/li>\n<\/ul>\n\n\n\n<p>Ba\u015fvurunuzda yer alan talepleriniz, talebin niteli\u011fine g\u00f6re en ge\u00e7 otuz g\u00fcn i\u00e7inde \u00fccretsiz olarak sonu\u00e7land\u0131r\u0131lacakt\u0131r. Ancak, i\u015flemin \u015eirket i\u00e7in ayr\u0131ca bir maliyeti gerektirmesi h\u00e2linde, Ki\u015fisel Verileri Koruma Kurulu taraf\u0131ndan Veri Sorumlusuna Ba\u015fvuru Usul Ve Esaslar\u0131 Hakk\u0131nda Tebli\u011f\u2019de belirlenen tarifedeki \u00fccret al\u0131nabilir.<\/p>\n\n\n\n<p><br>Ki\u015fisel verilerinizin i\u015flenmesi ile ilgili hususlarda ba\u015fvurunuzu Veri Sorumlusuna Ba\u015fvuru Usul Ve Esaslar\u0131 Hakk\u0131nda Tebli\u011f \u2019in 5. maddesinde \u015fartlara uymak kayd\u0131yla a\u015fa\u011f\u0131daki \u015fekillerde yapabilirsiniz:<\/p>\n\n\n\n<ul class=\"wp-block-list\">\n<li>Yaz\u0131l\u0131 ve imzal\u0131 olarak<\/li>\n\n\n\n<li>Kay\u0131tl\u0131 elektronik posta (KEP) adresinizden g\u00f6nderece\u011finiz e-posta ile<\/li>\n\n\n\n<li>G\u00fcvenli elektronik imza veya mobil imza ile <\/li>\n<\/ul>\n\n\n\n<p><\/p>\n\n\n\n<p>Ba\u015fvurunuzu kolayla\u015ft\u0131rabilmek ad\u0131na, Web sitemizde mevcut olan ba\u015fvuru formunu doldurarak, yukar\u0131da s\u00f6z\u00fc edilmi\u015f olan se\u00e7eneklerden herhangi biri ile taraf\u0131m\u0131za talebinizi iletebilirsiniz.<\/p>\n\n\n\n<p>Ki\u015fisel veri sahibi olarak sahip oldu\u011funuz ve yukar\u0131da belirtilen haklar\u0131n\u0131z\u0131 kullanmak i\u00e7in yapaca\u011f\u0131n\u0131z ve kullanmay\u0131 talep etti\u011finiz hakka ili\u015fkin a\u00e7\u0131klamalar\u0131n\u0131z\u0131 i\u00e7eren ba\u015fvuruda; talep etti\u011finiz hususun a\u00e7\u0131k ve anla\u015f\u0131l\u0131r olmas\u0131, talep etti\u011finiz konunun \u015fahs\u0131n\u0131z ile ilgili olmas\u0131 veya ba\u015fkas\u0131 ad\u0131na hareket ediyor iseniz bu konuda noter taraf\u0131ndan tasdiklenmi\u015f \u00f6zel vek\u00e2letnamenizi ibraz etmeniz gerekecektir. Ba\u015fvurular\u0131n\u0131zda, ad-soyad, imza, T.C. kimlik numaras\u0131, ikamet veya i\u015fyeri adresi, e-posta adresi, telefon ve faks numaras\u0131, talep konusu unsurlar\u0131n\u0131n bulunmas\u0131 \u201cVeri Sorumlusuna Ba\u015fvuru Usul ve Esaslar\u0131 Hakk\u0131nda Tebli\u011f\u201d uyar\u0131nca zorunludur. S\u00f6z konusu unsurlar\u0131 bar\u0131nd\u0131rmayan ba\u015fvurular klinik taraf\u0131ndan reddedilecektir.<\/p>\n\n\n\n<p>\u015e\u0130K\u00c2YET Taraf\u0131m\u0131za y\u00f6neltmi\u015f oldu\u011funuz taleplerin reddedilmesi, verilen cevaptan memnun kalmaman\u0131z veya cevap verilmemesi halinde, cevab\u0131n taraf\u0131n\u0131za bildirildi\u011fi tarihten itibaren 30 g\u00fcn ve cevap verilmemesi halinde 30 g\u00fcnl\u00fck s\u00fcrenin sonundan itibaren 30 g\u00fcn i\u00e7erisinde Ki\u015fisel Verileri Koruma Kurulu\u2019na \u015fik\u00e2yette bulunabilirsiniz.<\/p>\n\n\n\n<p><br>\u015eirket taraf\u0131ndan talebinizin niteli\u011fine ve ba\u015fvuru y\u00f6nteminize g\u00f6re \u015eirket taraf\u0131ndan ba\u015fvurunun size ait olup olmad\u0131\u011f\u0131n\u0131n belirlenmesi ve b\u00f6ylece haklar\u0131n\u0131z\u0131 koruyabilmek amac\u0131yla ek do\u011frulamalar (kay\u0131tl\u0131 telefonunuza mesaj g\u00f6nderilmesi, aranman\u0131z gibi) isteyebiliriz. \u00d6rne\u011fin \u015eirkette kay\u0131tl\u0131 olan e-posta adresiniz arac\u0131l\u0131\u011f\u0131yla ba\u015fvuru yapman\u0131z halinde \u015eirkette kay\u0131tl\u0131 ba\u015fka bir ileti\u015fim y\u00f6ntemini kullanarak size ula\u015fabilir ve ba\u015fvurunun size ait olup olmad\u0131\u011f\u0131n\u0131n teyidini isteyebiliriz.<\/p>\n\n\n\n<p><strong>\u0130LET\u0130\u015e\u0130M B\u0130LG\u0130LER\u0130<\/strong><br>Universal A\u015f\u0131nd\u0131r\u0131c\u0131 Sistemleri Sanayi ve Tic. A.\u015e.<br>Mersis No: 0892068391100001<br>Adres: Yunus Emre Mah. 7408\/6 Sok. No:43\/6 Bornova, \u0130zmir<br>E-posta: info@universalas.com.tr<\/p>\n\n\n\n<p><\/p>\n\n\n\n<div class=\"wp-block-columns is-layout-flex wp-container-core-columns-is-layout-28f84493 wp-block-columns-is-layout-flex\">\n<div class=\"wp-block-column is-layout-flow wp-block-column-is-layout-flow\">\n<figure class=\"wp-block-image size-large is-resized\"><img fetchpriority=\"high\" decoding=\"async\" width=\"834\" height=\"1024\" src=\"https:\/\/universalas.com.tr\/en\/wp-content\/uploads\/2025\/03\/PDF_file_icon-834x1024.png\" alt=\"\" class=\"wp-image-257\" style=\"width:50px\" srcset=\"https:\/\/universalas.com.tr\/en\/wp-content\/uploads\/2025\/03\/PDF_file_icon-834x1024.png 834w, https:\/\/universalas.com.tr\/en\/wp-content\/uploads\/2025\/03\/PDF_file_icon-244x300.png 244w, https:\/\/universalas.com.tr\/en\/wp-content\/uploads\/2025\/03\/PDF_file_icon-768x944.png 768w, https:\/\/universalas.com.tr\/en\/wp-content\/uploads\/2025\/03\/PDF_file_icon-1250x1536.png 1250w, https:\/\/universalas.com.tr\/en\/wp-content\/uploads\/2025\/03\/PDF_file_icon.png 1667w\" sizes=\"(max-width: 834px) 100vw, 834px\" \/><figcaption class=\"wp-element-caption\"><a href=\"\/wp-content\/uploads\/2025\/06\/unv-basvuru-formu.pdf\" target=\"_blank\" rel=\"noreferrer noopener\">KVKK Ba\u015fvuru Formu<\/a><\/figcaption><\/figure>\n<\/div>\n\n\n\n<div class=\"wp-block-column is-layout-flow wp-block-column-is-layout-flow\">\n<figure class=\"wp-block-image size-large is-resized\"><img fetchpriority=\"high\" decoding=\"async\" width=\"834\" height=\"1024\" src=\"https:\/\/universalas.com.tr\/en\/wp-content\/uploads\/2025\/03\/PDF_file_icon-834x1024.png\" alt=\"\" class=\"wp-image-257\" style=\"width:50px\" srcset=\"https:\/\/universalas.com.tr\/en\/wp-content\/uploads\/2025\/03\/PDF_file_icon-834x1024.png 834w, https:\/\/universalas.com.tr\/en\/wp-content\/uploads\/2025\/03\/PDF_file_icon-244x300.png 244w, https:\/\/universalas.com.tr\/en\/wp-content\/uploads\/2025\/03\/PDF_file_icon-768x944.png 768w, https:\/\/universalas.com.tr\/en\/wp-content\/uploads\/2025\/03\/PDF_file_icon-1250x1536.png 1250w, https:\/\/universalas.com.tr\/en\/wp-content\/uploads\/2025\/03\/PDF_file_icon.png 1667w\" sizes=\"(max-width: 834px) 100vw, 834px\" \/><figcaption class=\"wp-element-caption\"><a href=\"#\">KVKK Saklama ve \u0130mha Politikas\u0131<\/a><\/figcaption><\/figure>\n<\/div>\n\n\n\n<div class=\"wp-block-column is-layout-flow wp-block-column-is-layout-flow\">\n<figure class=\"wp-block-image size-large is-resized\"><img fetchpriority=\"high\" decoding=\"async\" width=\"834\" height=\"1024\" src=\"https:\/\/universalas.com.tr\/en\/wp-content\/uploads\/2025\/03\/PDF_file_icon-834x1024.png\" alt=\"\" class=\"wp-image-257\" style=\"width:50px\" srcset=\"https:\/\/universalas.com.tr\/en\/wp-content\/uploads\/2025\/03\/PDF_file_icon-834x1024.png 834w, https:\/\/universalas.com.tr\/en\/wp-content\/uploads\/2025\/03\/PDF_file_icon-244x300.png 244w, https:\/\/universalas.com.tr\/en\/wp-content\/uploads\/2025\/03\/PDF_file_icon-768x944.png 768w, https:\/\/universalas.com.tr\/en\/wp-content\/uploads\/2025\/03\/PDF_file_icon-1250x1536.png 1250w, https:\/\/universalas.com.tr\/en\/wp-content\/uploads\/2025\/03\/PDF_file_icon.png 1667w\" sizes=\"(max-width: 834px) 100vw, 834px\" \/><figcaption class=\"wp-element-caption\"><a href=\"#\">KVKK Ziyaret\u00e7i Ayd\u0131nlatma Metni<\/a><\/figcaption><\/figure>\n<\/div>\n<\/div>\n\n\n\n<p><\/p>\n","protected":false},"excerpt":{"rendered":"<p>K\u0130\u015e\u0130SEL VER\u0130LER\u0130N KORUNMASI KANUNU HAKKINDA Z\u0130YARET\u00c7\u0130 AYDINLATMA METN\u0130 T\u00fcrkiye\u2019 de kurulu, Yunus Emre Mah. 7408\/6 Sok. No:43\/6 Bornova, \u0130zmir adresinde mukim, ticaret sicil gazetesine 188670 no ile kay\u0131tl\u0131, 0892068391100001 mersis no\u2019 lu Hasan Tahsin Vergi Dairesi, 8920683911 no\u2019 lu vergi m\u00fckellefi, Universal A\u015f\u0131nd\u0131r\u0131c\u0131 Sistemleri Sanayi ve Tic. A.\u015e. (\u201c\u015eirket\u201d) olarak; veri sorumlusu s\u0131fat\u0131yla, ki\u015fisel verilerinizin, [&hellip;]<\/p>\n","protected":false},"author":1,"featured_media":0,"parent":0,"menu_order":0,"comment_status":"closed","ping_status":"closed","template":"","meta":{"footnotes":""},"class_list":["post-3","page","type-page","status-publish","hentry"],"_links":{"self":[{"href":"https:\/\/universalas.com.tr\/en\/wp-json\/wp\/v2\/pages\/3","targetHints":{"allow":["GET"]}}],"collection":[{"href":"https:\/\/universalas.com.tr\/en\/wp-json\/wp\/v2\/pages"}],"about":[{"href":"https:\/\/universalas.com.tr\/en\/wp-json\/wp\/v2\/types\/page"}],"author":[{"embeddable":true,"href":"https:\/\/universalas.com.tr\/en\/wp-json\/wp\/v2\/users\/1"}],"replies":[{"embeddable":true,"href":"https:\/\/universalas.com.tr\/en\/wp-json\/wp\/v2\/comments?post=3"}],"version-history":[{"count":22,"href":"https:\/\/universalas.com.tr\/en\/wp-json\/wp\/v2\/pages\/3\/revisions"}],"predecessor-version":[{"id":2974,"href":"https:\/\/universalas.com.tr\/en\/wp-json\/wp\/v2\/pages\/3\/revisions\/2974"}],"wp:attachment":[{"href":"https:\/\/universalas.com.tr\/en\/wp-json\/wp\/v2\/media?parent=3"}],"curies":[{"name":"wp","href":"https:\/\/api.w.org\/{rel}","templated":true}]}}