{"id":1034,"date":"2025-03-15T00:05:50","date_gmt":"2025-03-14T21:05:50","guid":{"rendered":"https:\/\/universalas.com.tr\/en\/?page_id=1034"},"modified":"2025-05-14T22:54:01","modified_gmt":"2025-05-14T19:54:01","slug":"dressing-plates","status":"publish","type":"page","link":"https:\/\/universalas.com.tr\/en\/products\/diamond-dressers\/dressing-plates\/","title":{"rendered":"Dressing Plates"},"content":{"rendered":"\t\t<div data-elementor-type=\"wp-page\" data-elementor-id=\"1034\" class=\"elementor elementor-1034\" data-elementor-post-type=\"page\">\n\t\t\t\t<div class=\"elementor-element elementor-element-cad3e84 e-flex e-con-boxed e-con e-parent\" data-id=\"cad3e84\" data-element_type=\"container\">\n\t\t\t\t\t<div class=\"e-con-inner\">\n\t\t\t\t<div class=\"elementor-element elementor-element-3e6499b elementor-widget elementor-widget-text-editor\" data-id=\"3e6499b\" data-element_type=\"widget\" data-widget_type=\"text-editor.default\">\n\t\t\t\t<div class=\"elementor-widget-container\">\n\t\t\t\t\t\t\t\t\t<p>Plaket tipi bileme elmaslar\u0131 teknik a\u00e7\u0131dan hemen her uygulama i\u00e7in en ileri teknik \u00e7\u00f6z\u00fcmd\u00fcr. Hem d\u00fcz, hem de profilli ta\u015flar\u0131n bilenmesinde kullan\u0131labilir. Naturel, i\u011fne tipi ya da CVD\/MKD olarak ihtiyaca g\u00f6re farkl\u0131 t\u00fcrleri vard\u0131r.<\/p><p>Naturel elmasa sahip plaket tipi bileme elmaslar\u0131 hemen her t\u00fcr uygulama i\u00e7in \u00f6nerilir. Ancak elmaslar\u0131n da\u011f\u0131n\u0131k yap\u0131s\u0131 nedeniyle daha hassas profil ihtiyac\u0131 gerekiyorsa tekrarlanabilirli\u011fi daha y\u00fcksek olan i\u011fne tipi ya da en \u00fcst seviye \u00e7\u00f6z\u00fcm olan CVD\u2019ye y\u00f6nelinir. Plaket tipi nat\u00fcrel elmaslar \u00f6zellikle d\u00fcz ta\u015flar\u0131n bilenmesi i\u00e7in en uygun \u00e7\u00f6z\u00fcmd\u00fcr. \u0130\u011fne tipi plaket elmaslar ise nat\u00fcrel elmaslar\u0131n yetersiz kald\u0131\u011f\u0131 noktada kullan\u0131l\u0131rlar. \u00d6zenle se\u00e7ilmi\u015f i\u011fne \u015feklinde elmaslar\u0131n tek tek dizilimiyle meydana gelen bu \u00fcr\u00fcnler, elmas bitene kadar ta\u015fla temas eden elmas miktar\u0131 ayn\u0131 kald\u0131\u011f\u0131ndan dolay\u0131 basit profilli ta\u015flar\u0131n bilenmesinde daha y\u00fcksek tekrarlanabilirlik sundu\u011fu i\u00e7in tercih edilebilir. CVD ise profilli ta\u015flarda da d\u00fcz ta\u015flama ta\u015flar\u0131nda da en geli\u015fmi\u015f \u00e7\u00f6z\u00fcmd\u00fcr. Blok halindeki elmas\u0131n ba\u015flang\u0131\u00e7tan elmasl\u0131 k\u0131sm\u0131n biti\u015fine kadar ayn\u0131 boyut ve kalitede olmas\u0131 nedeniyle \u00f6zellikle profil bilemelerinde her bilemede ayn\u0131 sonucu vererek y\u00fcksek tekrarlanabilirlik sa\u011flar.<\/p><p>Profil bilemelerde ya\u015fan\u0131labilen elmas\u0131n d\u00fc\u015fmesi problemi bu tipte ya\u015fanmaz. CVD\u2019nin yetersiz kald\u0131\u011f\u0131 noktalarda ise daha dayan\u0131kl\u0131 olan MKD tipi \u00f6nerilir.<\/p>\t\t\t\t\t\t\t\t<\/div>\n\t\t\t\t<\/div>\n\t\t\t\t\t<\/div>\n\t\t\t\t<\/div>\n\t\t<div class=\"elementor-element elementor-element-a5d8318 e-flex e-con-boxed e-con e-parent\" data-id=\"a5d8318\" data-element_type=\"container\">\n\t\t\t\t\t<div class=\"e-con-inner\">\n\t\t\t\t<div class=\"elementor-element elementor-element-c3b2981 elementor-widget elementor-widget-gallery\" data-id=\"c3b2981\" data-element_type=\"widget\" data-settings=\"{&quot;aspect_ratio&quot;:&quot;1:1&quot;,&quot;lazyload&quot;:&quot;yes&quot;,&quot;gallery_layout&quot;:&quot;grid&quot;,&quot;columns&quot;:4,&quot;columns_tablet&quot;:2,&quot;columns_mobile&quot;:1,&quot;gap&quot;:{&quot;unit&quot;:&quot;px&quot;,&quot;size&quot;:10,&quot;sizes&quot;:[]},&quot;gap_tablet&quot;:{&quot;unit&quot;:&quot;px&quot;,&quot;size&quot;:10,&quot;sizes&quot;:[]},&quot;gap_mobile&quot;:{&quot;unit&quot;:&quot;px&quot;,&quot;size&quot;:10,&quot;sizes&quot;:[]},&quot;link_to&quot;:&quot;file&quot;,&quot;overlay_background&quot;:&quot;yes&quot;,&quot;content_hover_animation&quot;:&quot;fade-in&quot;}\" data-widget_type=\"gallery.default\">\n\t\t\t\t<div class=\"elementor-widget-container\">\n\t\t\t\t\t\t\t<div class=\"elementor-gallery__container\">\n\t\t\t\t\t\t\t<a class=\"e-gallery-item elementor-gallery-item elementor-animated-content\" href=\"https:\/\/universalas.com.tr\/en\/wp-content\/uploads\/2025\/03\/abrichtplatten.jpg\" data-elementor-open-lightbox=\"yes\" data-elementor-lightbox-slideshow=\"c3b2981\" data-elementor-lightbox-title=\"Dressing Plates\" data-e-action-hash=\"#elementor-action%3Aaction%3Dlightbox%26settings%3DeyJpZCI6MTAzNiwidXJsIjoiaHR0cHM6XC9cL3VuaXZlcnNhbGFzLmNvbS50clwvZW5cL3dwLWNvbnRlbnRcL3VwbG9hZHNcLzIwMjVcLzAzXC9hYnJpY2h0cGxhdHRlbi5qcGciLCJzbGlkZXNob3ciOiJjM2IyOTgxIn0%3D\">\n\t\t\t\t\t<div class=\"e-gallery-image elementor-gallery-item__image\" data-thumbnail=\"https:\/\/universalas.com.tr\/en\/wp-content\/uploads\/2025\/03\/abrichtplatten.jpg\" data-width=\"234\" data-height=\"354\" aria-label=\"Dressing Plates\" role=\"img\" ><\/div>\n\t\t\t\t\t\t\t\t\t\t\t<div class=\"elementor-gallery-item__overlay\"><\/div>\n\t\t\t\t\t\t\t\t\t\t\t\t\t\t<\/a>\n\t\t\t\t\t<\/div>\n\t\t\t\t\t<\/div>\n\t\t\t\t<\/div>\n\t\t\t\t\t<\/div>\n\t\t\t\t<\/div>\n\t\t\t\t<\/div>\n\t\t","protected":false},"excerpt":{"rendered":"<p>Plaket tipi bileme elmaslar\u0131 teknik a\u00e7\u0131dan hemen her uygulama i\u00e7in en ileri teknik \u00e7\u00f6z\u00fcmd\u00fcr. Hem d\u00fcz, hem de profilli ta\u015flar\u0131n bilenmesinde kullan\u0131labilir. Naturel, i\u011fne tipi ya da CVD\/MKD olarak ihtiyaca g\u00f6re farkl\u0131 t\u00fcrleri vard\u0131r. Naturel elmasa sahip plaket tipi bileme elmaslar\u0131 hemen her t\u00fcr uygulama i\u00e7in \u00f6nerilir. Ancak elmaslar\u0131n da\u011f\u0131n\u0131k yap\u0131s\u0131 nedeniyle daha hassas profil [&hellip;]<\/p>\n","protected":false},"author":1,"featured_media":1036,"parent":1016,"menu_order":0,"comment_status":"closed","ping_status":"closed","template":"","meta":{"footnotes":""},"class_list":["post-1034","page","type-page","status-publish","has-post-thumbnail","hentry"],"_links":{"self":[{"href":"https:\/\/universalas.com.tr\/en\/wp-json\/wp\/v2\/pages\/1034","targetHints":{"allow":["GET"]}}],"collection":[{"href":"https:\/\/universalas.com.tr\/en\/wp-json\/wp\/v2\/pages"}],"about":[{"href":"https:\/\/universalas.com.tr\/en\/wp-json\/wp\/v2\/types\/page"}],"author":[{"embeddable":true,"href":"https:\/\/universalas.com.tr\/en\/wp-json\/wp\/v2\/users\/1"}],"replies":[{"embeddable":true,"href":"https:\/\/universalas.com.tr\/en\/wp-json\/wp\/v2\/comments?post=1034"}],"version-history":[{"count":14,"href":"https:\/\/universalas.com.tr\/en\/wp-json\/wp\/v2\/pages\/1034\/revisions"}],"predecessor-version":[{"id":2821,"href":"https:\/\/universalas.com.tr\/en\/wp-json\/wp\/v2\/pages\/1034\/revisions\/2821"}],"up":[{"embeddable":true,"href":"https:\/\/universalas.com.tr\/en\/wp-json\/wp\/v2\/pages\/1016"}],"wp:featuredmedia":[{"embeddable":true,"href":"https:\/\/universalas.com.tr\/en\/wp-json\/wp\/v2\/media\/1036"}],"wp:attachment":[{"href":"https:\/\/universalas.com.tr\/en\/wp-json\/wp\/v2\/media?parent=1034"}],"curies":[{"name":"wp","href":"https:\/\/api.w.org\/{rel}","templated":true}]}}